{"id":31,"date":"2024-08-26T20:49:58","date_gmt":"2024-08-26T18:49:58","guid":{"rendered":"https:\/\/volta-grande-capoeira.com\/?page_id=31"},"modified":"2026-03-27T11:11:59","modified_gmt":"2026-03-27T10:11:59","slug":"histoire-de-volta-grande","status":"publish","type":"page","link":"https:\/\/volta-grande-capoeira.com\/index.php\/histoire-de-volta-grande\/","title":{"rendered":"Histoire de Volta Grande"},"content":{"rendered":"<div class=\"wp-block-group is-layout-constrained wp-container-core-group-is-layout-9acc7ce7 wp-block-group-is-layout-constrained\" style=\"padding-top:var(--wp--preset--spacing--60);padding-right:var(--wp--preset--spacing--60);padding-bottom:var(--wp--preset--spacing--60);padding-left:var(--wp--preset--spacing--60)\"><h2 class=\"wp-block-heading has-text-align-center\" style=\"margin-top:0;margin-right:0;margin-bottom:var(--wp--preset--spacing--80);margin-left:0\">Histoire du groupe Volta Grande Capoeira<\/h2>\n\n<div class=\"wp-block-group is-layout-constrained wp-container-core-group-is-layout-19e250f3 wp-block-group-is-layout-constrained\"><figure class=\"wp-block-image alignright size-full is-resized has-custom-border is-style-default\"><img loading=\"lazy\" decoding=\"async\" width=\"787\" height=\"750\" src=\"https:\/\/volta-grande-capoeira.com\/wp-content\/uploads\/2024\/09\/pequeno.png\" alt=\"\" class=\"wp-image-203\" style=\"border-radius:20px;box-shadow:var(--wp--preset--shadow--natural);width:326px;height:auto\" srcset=\"https:\/\/volta-grande-capoeira.com\/wp-content\/uploads\/2024\/09\/pequeno.png 787w, https:\/\/volta-grande-capoeira.com\/wp-content\/uploads\/2024\/09\/pequeno-300x286.png 300w, https:\/\/volta-grande-capoeira.com\/wp-content\/uploads\/2024\/09\/pequeno-768x732.png 768w\" sizes=\"auto, (max-width: 787px) 100vw, 787px\" \/><\/figure>\n\n<h3 class=\"wp-block-heading\" style=\"margin-top:var(--wp--preset--spacing--40);margin-right:0;margin-bottom:var(--wp--preset--spacing--40);margin-left:0\">Contramestre Pequeno<\/h3>\n\n<p class=\"has-text-align-left\" style=\"margin-top:0;margin-right:0;margin-bottom:0;margin-left:0;padding-top:0;padding-right:0;padding-bottom:0;padding-left:0;font-size:16px;letter-spacing:3px\">Cl\u00e1udio Lima, n\u00e9 en 1983 \u00e0 Salvador\/BA.<\/p>\n\n<p class=\"has-text-align-left\" style=\"margin-top:0;margin-right:0;margin-bottom:0;margin-left:0;padding-top:0;padding-right:0;padding-bottom:0;padding-left:0;font-size:16px;letter-spacing:3px\">Il d\u00e9couvre la capoeira en 1996 dans les rues de Salvador, dans le quartier Itapoan.<\/p>\n\n<p class=\"has-text-align-left\" style=\"margin-top:0;margin-right:0;margin-bottom:0;margin-left:0;padding-top:0;padding-right:0;padding-bottom:0;padding-left:0;font-size:16px;letter-spacing:3px\">Il a jou\u00e9 dans plusieurs groupes durant sa jeunesse, parmi lesquels 2 ont marqu\u00e9 son histoire, (Grupo kirub\u00ea)&nbsp; Mestre Orelha, (Grupo Vadia\u00e7\u00e3o Capoeira) Mestre Andr\u00e9 biriba.<\/p>\n\n<p class=\"has-text-align-left\" style=\"margin-top:0;margin-right:0;margin-bottom:0;margin-left:0;padding-top:0;padding-right:0;padding-bottom:0;padding-left:0;font-size:16px;letter-spacing:3px\">En 2015, il entame une nouvelle \u00e9tape de son parcours, o\u00f9 il d\u00e9couvre le travail du (GRUPO CAPOEIRA DA BAHIA) o\u00f9 ils travailleront ensemble jusqu&rsquo;en 2024.<\/p>\n\n<p class=\"has-text-align-left\" style=\"margin-top:0;margin-right:0;margin-bottom:0;margin-left:0;padding-top:0;padding-right:0;padding-bottom:0;padding-left:0;font-size:16px;letter-spacing:3px\">En mai de la m\u00eame ann\u00e9e, il d\u00e9cide de cr\u00e9er le centre culturel Volta Grande Capoeira et poursuit sa recherche de connaissances et de maturit\u00e9 culturelle avec ses \u00e9l\u00e8ves.<\/p><\/div>\n\n<hr class=\"wp-block-separator has-alpha-channel-opacity\" style=\"margin-top:var(--wp--preset--spacing--80);margin-bottom:var(--wp--preset--spacing--80)\"\/>\n\n<h3 class=\"wp-block-heading has-text-align-center\" style=\"margin-top:var(--wp--preset--spacing--40);margin-bottom:var(--wp--preset--spacing--40)\">Grupo volta grande capoeira<\/h3>\n\n<p style=\"margin-top:0;margin-right:0;margin-bottom:0;margin-left:0;font-size:16px;letter-spacing:3px\">Le Centre Culturel Volta Grande Capoeira, cr\u00e9\u00e9 le 5 avril 2024, a pour objectif :<br><\/p>\n\n<ul style=\"margin-top:0;margin-bottom:0\" class=\"wp-block-list\"><li style=\"font-size:16px;letter-spacing:3px\"><strong>Promouvoir et diffuser la culture br\u00e9silienne<\/strong> \u00e0 travers ses manifestations culturelles, en pr\u00e9servant un peu d&rsquo;histoire et de coutumes, et de mettre le nouveau \u00e9l\u00e8ve en contact avec l&rsquo;ancien.<br><\/li>\n\n<li style=\"font-size:16px;letter-spacing:3px\"><strong>Encourager<\/strong> et <strong>cr\u00e9er un lien<\/strong> direct avec la culture afro-br\u00e9silienne.<\/li><\/ul>\n\n<hr class=\"wp-block-separator has-alpha-channel-opacity\" style=\"margin-top:var(--wp--preset--spacing--80);margin-bottom:var(--wp--preset--spacing--80)\"\/>\n\n<h2 class=\"wp-block-heading\">Syst\u00e8me de graduation<\/h2>\n\n<p style=\"font-size:16px;letter-spacing:3px\">Le syst\u00e8me de graduation en <strong>capoeira<\/strong> varie en fonction des diff\u00e9rentes \u00e9coles et styles, principalement entre les \u00e9coles de <strong>Capoeira Angola<\/strong> et de <strong>Capoeira R\u00e9gionale<\/strong>, ainsi que les diff\u00e9rents groupes de capoeira \u00e0 travers le monde. Contrairement aux arts martiaux comme le karat\u00e9 ou le judo, o\u00f9 les ceintures suivent une norme internationale, la capoeira n\u2019a pas de syst\u00e8me de gradation unifi\u00e9. <br>Cependant, voici les grandes lignes de ce syst\u00e8me.<\/p>\n\n<h3 class=\"wp-block-heading\">Les Cordes (corda)<\/h3>\n\n<p style=\"font-size:16px;letter-spacing:3px\">Le plus souvent, le grade en capoeira est symbolis\u00e9 par une <strong>corda<\/strong> (corde), qui est port\u00e9e autour de la taille. La couleur de la corde refl\u00e8te le niveau du\/de la capoeiriste, avec des variations entre les styles et les \u00e9coles. Certaines \u00e9coles utilisent des cordes multicolores pour marquer les diff\u00e9rents niveaux de progression. <\/p>\n\n<h3 class=\"wp-block-heading\">Le Batizado et la Troca de Corda<\/h3>\n\n<p style=\"font-size:16px;letter-spacing:3px\">Le <strong>batizado<\/strong> (bapt\u00eame) est une c\u00e9r\u00e9monie importante dans la capoeira. C&rsquo;est lors de cet \u00e9v\u00e9nement que les nouveaux \u00e9l\u00e8ves re\u00e7oivent leur premi\u00e8re corde apr\u00e8s avoir jou\u00e9 avec un mestre ou un professeur plus exp\u00e9riment\u00e9. Ce moment marque l\u2019entr\u00e9e officielle de l\u2019\u00e9l\u00e8ve dans la communaut\u00e9 de capoeira.<\/p>\n\n<p style=\"font-size:16px;letter-spacing:3px\">La <strong>troca de corda<\/strong> (changement de corde) d\u00e9signe la c\u00e9r\u00e9monie o\u00f9 les capoeiristes avancent dans les niveaux de graduation. Ces \u00e9v\u00e9nements sont souvent accompagn\u00e9s de musique, de cours avec des mestre et instructeurs d&rsquo;autres groupes, et d&rsquo;une roda (cercle de capoeira). Ils permettent aussi aux capoeiristes de montrer leurs comp\u00e9tences et d\u2019\u00eatre \u00e9valu\u00e9s par des mestres.<\/p>\n\n<h2 class=\"wp-block-heading\"> &#8230;et dans notre groupe&#8230;<\/h2>\n\n<div class=\"wp-block-group is-layout-constrained wp-container-core-group-is-layout-ff778368 wp-block-group-is-layout-constrained\" style=\"border-top-style:none;border-top-width:0px;border-right-color:var(--wp--preset--color--primary);border-bottom-color:var(--wp--preset--color--primary);border-left-style:none;border-left-width:0px;padding-right:var(--wp--preset--spacing--30);padding-left:var(--wp--preset--spacing--30)\"><h3 class=\"wp-block-heading has-text-align-right has-primary-color has-text-color has-link-color wp-elements-ff555aaa14a23e443d5a52b5b34485d6\" style=\"text-transform:lowercase\">&#8230;Pour les enfants<\/h3><\/div>\n\n<div class=\"wp-block-group is-vertical is-content-justification-center is-layout-flex wp-container-core-group-is-layout-ce155fab wp-block-group-is-layout-flex\"><figure class=\"wp-block-image aligncenter size-full is-resized has-custom-border\"><img loading=\"lazy\" decoding=\"async\" width=\"640\" height=\"429\" src=\"https:\/\/volta-grande-capoeira.com\/wp-content\/uploads\/2024\/09\/graduations_enfants_sans_titre.jpg\" alt=\"\" class=\"has-border-color has-foreground-border-color wp-image-231\" style=\"width:740px\" srcset=\"https:\/\/volta-grande-capoeira.com\/wp-content\/uploads\/2024\/09\/graduations_enfants_sans_titre.jpg 640w, https:\/\/volta-grande-capoeira.com\/wp-content\/uploads\/2024\/09\/graduations_enfants_sans_titre-300x201.jpg 300w\" sizes=\"auto, (max-width: 640px) 100vw, 640px\" \/><\/figure><\/div>\n\n<div class=\"wp-block-group is-layout-constrained wp-container-core-group-is-layout-97829e9f wp-block-group-is-layout-constrained\" style=\"border-top-style:none;border-top-width:0px;border-right-color:var(--wp--preset--color--primary);border-bottom-color:var(--wp--preset--color--primary);border-left-style:none;border-left-width:0px;padding-right:var(--wp--preset--spacing--40);padding-left:var(--wp--preset--spacing--40)\"><h3 class=\"wp-block-heading has-text-align-right has-primary-color has-text-color has-link-color wp-elements-6306b3669e43f32757b1eb1c16916482\" style=\"text-transform:lowercase\">&#8230;Pour les adultes<\/h3><\/div>\n\n<div class=\"wp-block-group is-vertical is-content-justification-center is-layout-flex wp-container-core-group-is-layout-ce155fab wp-block-group-is-layout-flex\"><figure class=\"wp-block-image size-full is-resized has-custom-border\"><img loading=\"lazy\" decoding=\"async\" width=\"1811\" height=\"2560\" src=\"https:\/\/volta-grande-capoeira.com\/wp-content\/uploads\/2026\/03\/cordas-volta-grande-scaled.jpg\" alt=\"\" class=\"has-border-color has-foreground-border-color wp-image-410\" style=\"width:1024px\" srcset=\"https:\/\/volta-grande-capoeira.com\/wp-content\/uploads\/2026\/03\/cordas-volta-grande-scaled.jpg 1811w, https:\/\/volta-grande-capoeira.com\/wp-content\/uploads\/2026\/03\/cordas-volta-grande-212x300.jpg 212w, https:\/\/volta-grande-capoeira.com\/wp-content\/uploads\/2026\/03\/cordas-volta-grande-724x1024.jpg 724w, https:\/\/volta-grande-capoeira.com\/wp-content\/uploads\/2026\/03\/cordas-volta-grande-768x1086.jpg 768w, https:\/\/volta-grande-capoeira.com\/wp-content\/uploads\/2026\/03\/cordas-volta-grande-1087x1536.jpg 1087w, https:\/\/volta-grande-capoeira.com\/wp-content\/uploads\/2026\/03\/cordas-volta-grande-1449x2048.jpg 1449w, https:\/\/volta-grande-capoeira.com\/wp-content\/uploads\/2026\/03\/cordas-volta-grande-600x848.jpg 600w\" sizes=\"auto, (max-width: 1811px) 100vw, 1811px\" \/><\/figure><\/div><\/div>","protected":false},"excerpt":{"rendered":"<p>Histoire du groupe Volta Grande Capoeira Contramestre Pequeno Cl\u00e1udio Lima, n\u00e9 en 1983 \u00e0 Salvador\/BA. Il d\u00e9couvre la capoeira en 1996 dans les rues de Salvador, dans le quartier Itapoan. Il a jou\u00e9 dans plusieurs groupes durant sa jeunesse, parmi lesquels 2 ont marqu\u00e9 son histoire, (Grupo kirub\u00ea)&nbsp; Mestre Orelha, (Grupo Vadia\u00e7\u00e3o Capoeira) Mestre Andr\u00e9 [&hellip;]<\/p>\n","protected":false},"author":1,"featured_media":0,"parent":0,"menu_order":0,"comment_status":"closed","ping_status":"closed","template":"page-volta-grande","meta":{"footnotes":""},"class_list":["post-31","page","type-page","status-publish","hentry"],"yoast_head":"<!-- This site is optimized with the Yoast SEO plugin v23.3 - https:\/\/yoast.com\/wordpress\/plugins\/seo\/ -->\n<title>Histoire de Volta Grande - Groupo Volta Grande Capoeira<\/title>\n<meta name=\"robots\" content=\"index, follow, max-snippet:-1, max-image-preview:large, max-video-preview:-1\" \/>\n<link rel=\"canonical\" href=\"https:\/\/volta-grande-capoeira.com\/index.php\/histoire-de-volta-grande\/\" \/>\n<meta property=\"og:locale\" content=\"fr_FR\" \/>\n<meta property=\"og:type\" content=\"article\" \/>\n<meta property=\"og:title\" content=\"Histoire de Volta Grande - Groupo Volta Grande Capoeira\" \/>\n<meta property=\"og:description\" content=\"Histoire du groupe Volta Grande Capoeira Contramestre Pequeno Cl\u00e1udio Lima, n\u00e9 en 1983 \u00e0 Salvador\/BA. Il d\u00e9couvre la capoeira en 1996 dans les rues de Salvador, dans le quartier Itapoan. Il a jou\u00e9 dans plusieurs groupes durant sa jeunesse, parmi lesquels 2 ont marqu\u00e9 son histoire, (Grupo kirub\u00ea)&nbsp; Mestre Orelha, (Grupo Vadia\u00e7\u00e3o Capoeira) Mestre Andr\u00e9 [&hellip;]\" \/>\n<meta property=\"og:url\" content=\"https:\/\/volta-grande-capoeira.com\/index.php\/histoire-de-volta-grande\/\" \/>\n<meta property=\"og:site_name\" content=\"Groupo Volta Grande Capoeira\" \/>\n<meta property=\"article:publisher\" content=\"https:\/\/www.facebook.com\/pequeno.cdb?locale=fr_FR\" \/>\n<meta property=\"article:modified_time\" content=\"2026-03-27T10:11:59+00:00\" \/>\n<meta property=\"og:image\" content=\"https:\/\/volta-grande-capoeira.com\/wp-content\/uploads\/2024\/09\/pequeno.png\" \/>\n<meta name=\"twitter:card\" content=\"summary_large_image\" \/>\n<meta name=\"twitter:label1\" content=\"Dur\u00e9e de lecture estim\u00e9e\" \/>\n\t<meta name=\"twitter:data1\" content=\"3 minutes\" \/>\n<script type=\"application\/ld+json\" class=\"yoast-schema-graph\">{\"@context\":\"https:\/\/schema.org\",\"@graph\":[{\"@type\":\"WebPage\",\"@id\":\"https:\/\/volta-grande-capoeira.com\/index.php\/histoire-de-volta-grande\/\",\"url\":\"https:\/\/volta-grande-capoeira.com\/index.php\/histoire-de-volta-grande\/\",\"name\":\"Histoire de Volta Grande - Groupo Volta Grande Capoeira\",\"isPartOf\":{\"@id\":\"https:\/\/volta-grande-capoeira.com\/#website\"},\"primaryImageOfPage\":{\"@id\":\"https:\/\/volta-grande-capoeira.com\/index.php\/histoire-de-volta-grande\/#primaryimage\"},\"image\":{\"@id\":\"https:\/\/volta-grande-capoeira.com\/index.php\/histoire-de-volta-grande\/#primaryimage\"},\"thumbnailUrl\":\"https:\/\/volta-grande-capoeira.com\/wp-content\/uploads\/2024\/09\/pequeno.png\",\"datePublished\":\"2024-08-26T18:49:58+00:00\",\"dateModified\":\"2026-03-27T10:11:59+00:00\",\"breadcrumb\":{\"@id\":\"https:\/\/volta-grande-capoeira.com\/index.php\/histoire-de-volta-grande\/#breadcrumb\"},\"inLanguage\":\"fr-FR\",\"potentialAction\":[{\"@type\":\"ReadAction\",\"target\":[\"https:\/\/volta-grande-capoeira.com\/index.php\/histoire-de-volta-grande\/\"]}]},{\"@type\":\"ImageObject\",\"inLanguage\":\"fr-FR\",\"@id\":\"https:\/\/volta-grande-capoeira.com\/index.php\/histoire-de-volta-grande\/#primaryimage\",\"url\":\"https:\/\/volta-grande-capoeira.com\/wp-content\/uploads\/2024\/09\/pequeno.png\",\"contentUrl\":\"https:\/\/volta-grande-capoeira.com\/wp-content\/uploads\/2024\/09\/pequeno.png\",\"width\":787,\"height\":750},{\"@type\":\"BreadcrumbList\",\"@id\":\"https:\/\/volta-grande-capoeira.com\/index.php\/histoire-de-volta-grande\/#breadcrumb\",\"itemListElement\":[{\"@type\":\"ListItem\",\"position\":1,\"name\":\"Accueil\",\"item\":\"https:\/\/volta-grande-capoeira.com\/\"},{\"@type\":\"ListItem\",\"position\":2,\"name\":\"Histoire de Volta Grande\"}]},{\"@type\":\"WebSite\",\"@id\":\"https:\/\/volta-grande-capoeira.com\/#website\",\"url\":\"https:\/\/volta-grande-capoeira.com\/\",\"name\":\"Groupo Volta Grande Capoeira\",\"description\":\"Site du groupe Volta Grande Capoeira de Seyssinet Pariset, proche de Grenoble\",\"publisher\":{\"@id\":\"https:\/\/volta-grande-capoeira.com\/#organization\"},\"potentialAction\":[{\"@type\":\"SearchAction\",\"target\":{\"@type\":\"EntryPoint\",\"urlTemplate\":\"https:\/\/volta-grande-capoeira.com\/?s={search_term_string}\"},\"query-input\":\"required name=search_term_string\"}],\"inLanguage\":\"fr-FR\"},{\"@type\":\"Organization\",\"@id\":\"https:\/\/volta-grande-capoeira.com\/#organization\",\"name\":\"Groupo Volta Grande Capoeira\",\"url\":\"https:\/\/volta-grande-capoeira.com\/\",\"logo\":{\"@type\":\"ImageObject\",\"inLanguage\":\"fr-FR\",\"@id\":\"https:\/\/volta-grande-capoeira.com\/#\/schema\/logo\/image\/\",\"url\":\"http:\/\/volta-grande-capoeira.com\/wp-content\/uploads\/2024\/06\/logo_1024x1024-1.png\",\"contentUrl\":\"http:\/\/volta-grande-capoeira.com\/wp-content\/uploads\/2024\/06\/logo_1024x1024-1.png\",\"width\":1054,\"height\":1054,\"caption\":\"Groupo Volta Grande Capoeira\"},\"image\":{\"@id\":\"https:\/\/volta-grande-capoeira.com\/#\/schema\/logo\/image\/\"},\"sameAs\":[\"https:\/\/www.facebook.com\/pequeno.cdb?locale=fr_FR\",\"https:\/\/www.instagram.com\/pequeno.voltagrande\/\"]}]}<\/script>\n<!-- \/ Yoast SEO plugin. -->","yoast_head_json":{"title":"Histoire de Volta Grande - Groupo Volta Grande Capoeira","robots":{"index":"index","follow":"follow","max-snippet":"max-snippet:-1","max-image-preview":"max-image-preview:large","max-video-preview":"max-video-preview:-1"},"canonical":"https:\/\/volta-grande-capoeira.com\/index.php\/histoire-de-volta-grande\/","og_locale":"fr_FR","og_type":"article","og_title":"Histoire de Volta Grande - Groupo Volta Grande Capoeira","og_description":"Histoire du groupe Volta Grande Capoeira Contramestre Pequeno Cl\u00e1udio Lima, n\u00e9 en 1983 \u00e0 Salvador\/BA. Il d\u00e9couvre la capoeira en 1996 dans les rues de Salvador, dans le quartier Itapoan. Il a jou\u00e9 dans plusieurs groupes durant sa jeunesse, parmi lesquels 2 ont marqu\u00e9 son histoire, (Grupo kirub\u00ea)&nbsp; Mestre Orelha, (Grupo Vadia\u00e7\u00e3o Capoeira) Mestre Andr\u00e9 [&hellip;]","og_url":"https:\/\/volta-grande-capoeira.com\/index.php\/histoire-de-volta-grande\/","og_site_name":"Groupo Volta Grande Capoeira","article_publisher":"https:\/\/www.facebook.com\/pequeno.cdb?locale=fr_FR","article_modified_time":"2026-03-27T10:11:59+00:00","og_image":[{"url":"https:\/\/volta-grande-capoeira.com\/wp-content\/uploads\/2024\/09\/pequeno.png"}],"twitter_card":"summary_large_image","twitter_misc":{"Dur\u00e9e de lecture estim\u00e9e":"3 minutes"},"schema":{"@context":"https:\/\/schema.org","@graph":[{"@type":"WebPage","@id":"https:\/\/volta-grande-capoeira.com\/index.php\/histoire-de-volta-grande\/","url":"https:\/\/volta-grande-capoeira.com\/index.php\/histoire-de-volta-grande\/","name":"Histoire de Volta Grande - Groupo Volta Grande Capoeira","isPartOf":{"@id":"https:\/\/volta-grande-capoeira.com\/#website"},"primaryImageOfPage":{"@id":"https:\/\/volta-grande-capoeira.com\/index.php\/histoire-de-volta-grande\/#primaryimage"},"image":{"@id":"https:\/\/volta-grande-capoeira.com\/index.php\/histoire-de-volta-grande\/#primaryimage"},"thumbnailUrl":"https:\/\/volta-grande-capoeira.com\/wp-content\/uploads\/2024\/09\/pequeno.png","datePublished":"2024-08-26T18:49:58+00:00","dateModified":"2026-03-27T10:11:59+00:00","breadcrumb":{"@id":"https:\/\/volta-grande-capoeira.com\/index.php\/histoire-de-volta-grande\/#breadcrumb"},"inLanguage":"fr-FR","potentialAction":[{"@type":"ReadAction","target":["https:\/\/volta-grande-capoeira.com\/index.php\/histoire-de-volta-grande\/"]}]},{"@type":"ImageObject","inLanguage":"fr-FR","@id":"https:\/\/volta-grande-capoeira.com\/index.php\/histoire-de-volta-grande\/#primaryimage","url":"https:\/\/volta-grande-capoeira.com\/wp-content\/uploads\/2024\/09\/pequeno.png","contentUrl":"https:\/\/volta-grande-capoeira.com\/wp-content\/uploads\/2024\/09\/pequeno.png","width":787,"height":750},{"@type":"BreadcrumbList","@id":"https:\/\/volta-grande-capoeira.com\/index.php\/histoire-de-volta-grande\/#breadcrumb","itemListElement":[{"@type":"ListItem","position":1,"name":"Accueil","item":"https:\/\/volta-grande-capoeira.com\/"},{"@type":"ListItem","position":2,"name":"Histoire de Volta Grande"}]},{"@type":"WebSite","@id":"https:\/\/volta-grande-capoeira.com\/#website","url":"https:\/\/volta-grande-capoeira.com\/","name":"Groupo Volta Grande Capoeira","description":"Site du groupe Volta Grande Capoeira de Seyssinet Pariset, proche de Grenoble","publisher":{"@id":"https:\/\/volta-grande-capoeira.com\/#organization"},"potentialAction":[{"@type":"SearchAction","target":{"@type":"EntryPoint","urlTemplate":"https:\/\/volta-grande-capoeira.com\/?s={search_term_string}"},"query-input":"required name=search_term_string"}],"inLanguage":"fr-FR"},{"@type":"Organization","@id":"https:\/\/volta-grande-capoeira.com\/#organization","name":"Groupo Volta Grande Capoeira","url":"https:\/\/volta-grande-capoeira.com\/","logo":{"@type":"ImageObject","inLanguage":"fr-FR","@id":"https:\/\/volta-grande-capoeira.com\/#\/schema\/logo\/image\/","url":"http:\/\/volta-grande-capoeira.com\/wp-content\/uploads\/2024\/06\/logo_1024x1024-1.png","contentUrl":"http:\/\/volta-grande-capoeira.com\/wp-content\/uploads\/2024\/06\/logo_1024x1024-1.png","width":1054,"height":1054,"caption":"Groupo Volta Grande Capoeira"},"image":{"@id":"https:\/\/volta-grande-capoeira.com\/#\/schema\/logo\/image\/"},"sameAs":["https:\/\/www.facebook.com\/pequeno.cdb?locale=fr_FR","https:\/\/www.instagram.com\/pequeno.voltagrande\/"]}]}},"_links":{"self":[{"href":"https:\/\/volta-grande-capoeira.com\/index.php\/wp-json\/wp\/v2\/pages\/31","targetHints":{"allow":["GET"]}}],"collection":[{"href":"https:\/\/volta-grande-capoeira.com\/index.php\/wp-json\/wp\/v2\/pages"}],"about":[{"href":"https:\/\/volta-grande-capoeira.com\/index.php\/wp-json\/wp\/v2\/types\/page"}],"author":[{"embeddable":true,"href":"https:\/\/volta-grande-capoeira.com\/index.php\/wp-json\/wp\/v2\/users\/1"}],"replies":[{"embeddable":true,"href":"https:\/\/volta-grande-capoeira.com\/index.php\/wp-json\/wp\/v2\/comments?post=31"}],"version-history":[{"count":25,"href":"https:\/\/volta-grande-capoeira.com\/index.php\/wp-json\/wp\/v2\/pages\/31\/revisions"}],"predecessor-version":[{"id":411,"href":"https:\/\/volta-grande-capoeira.com\/index.php\/wp-json\/wp\/v2\/pages\/31\/revisions\/411"}],"wp:attachment":[{"href":"https:\/\/volta-grande-capoeira.com\/index.php\/wp-json\/wp\/v2\/media?parent=31"}],"curies":[{"name":"wp","href":"https:\/\/api.w.org\/{rel}","templated":true}]}}